{"id":42,"date":"2025-02-02T17:37:23","date_gmt":"2025-02-02T17:37:23","guid":{"rendered":"https:\/\/luokaliyecloud.luokaliye.ao\/?page_id=42"},"modified":"2025-05-02T15:28:53","modified_gmt":"2025-05-02T15:28:53","slug":"blog","status":"publish","type":"page","link":"https:\/\/luokaliyecloud.luokaliye.ao\/index.php\/blog\/","title":{"rendered":"Blog"},"content":{"rendered":"\t\t<div data-elementor-type=\"wp-page\" data-elementor-id=\"42\" class=\"elementor elementor-42\">\n\t\t\t\t<div class=\"elementor-element elementor-element-15202d4 e-flex e-con-boxed wpr-particle-no wpr-jarallax-no wpr-parallax-no wpr-sticky-section-no wpr-column-slider-no wpr-equal-height-no e-con e-parent\" data-id=\"15202d4\" data-element_type=\"container\" data-e-type=\"container\">\n\t\t\t\t\t<div class=\"e-con-inner\">\n\t\t<div class=\"elementor-element elementor-element-1f4908b e-con-full e-flex wpr-particle-no wpr-jarallax-no wpr-parallax-no wpr-sticky-section-no wpr-column-slider-no wpr-equal-height-no e-con e-child\" data-id=\"1f4908b\" data-element_type=\"container\" data-e-type=\"container\" data-settings=\"{&quot;background_background&quot;:&quot;gradient&quot;}\">\n\t\t\t\t<div class=\"elementor-element elementor-element-3358bd7 elementor-widget elementor-widget-heading\" data-id=\"3358bd7\" data-element_type=\"widget\" data-e-type=\"widget\" data-widget_type=\"heading.default\">\n\t\t\t\t<div class=\"elementor-widget-container\">\n\t\t\t\t\t<h2 class=\"elementor-heading-title elementor-size-default\">BLOG<\/h2>\t\t\t\t<\/div>\n\t\t\t\t<\/div>\n\t\t\t\t<div class=\"elementor-element elementor-element-d35e4d7 elementor-widget elementor-widget-text-editor\" data-id=\"d35e4d7\" data-element_type=\"widget\" data-e-type=\"widget\" data-widget_type=\"text-editor.default\">\n\t\t\t\t<div class=\"elementor-widget-container\">\n\t\t\t\t\t\t\t\t\t<p>Dicas, novidades e insights do mundo da tecnologia.<\/p>\t\t\t\t\t\t\t\t<\/div>\n\t\t\t\t<\/div>\n\t\t\t\t<\/div>\n\t\t\t\t\t<\/div>\n\t\t\t\t<\/div>\n\t\t<div class=\"elementor-element elementor-element-bc1bd22 e-flex e-con-boxed wpr-particle-no wpr-jarallax-no wpr-parallax-no wpr-sticky-section-no wpr-column-slider-no wpr-equal-height-no e-con e-parent\" data-id=\"bc1bd22\" data-element_type=\"container\" data-e-type=\"container\">\n\t\t\t\t\t<div class=\"e-con-inner\">\n\t\t\t\t<div class=\"elementor-element elementor-element-d641d17 wpr-grid-pagination-left wpr-grid-columns-3 wpr-grid-columns--tablet2 wpr-grid-columns--mobile1 wpr-item-styles-inner elementor-widget elementor-widget-wpr-grid\" data-id=\"d641d17\" data-element_type=\"widget\" data-e-type=\"widget\" data-widget_type=\"wpr-grid.default\">\n\t\t\t\t<div class=\"elementor-widget-container\">\n\t\t\t\t\t<ul class=\"wpr-grid-filters elementor-clearfix wpr-grid-filters-sep-right\"><li class=\" wpr-pointer-none wpr-pointer-line-fx wpr-pointer-fx-none\"><span  data-filter=\"*\" class=\"wpr-grid-filters-item wpr-active-filter \">Todos<\/span><em class=\"wpr-grid-filters-sep\"><\/em><\/li><li class=\" wpr-pointer-none wpr-pointer-line-fx wpr-pointer-fx-none\"><span   data-ajax-filter=[\"category\",\"arquitetura-e-escalabilidade\"]  data-filter=\".category-arquitetura-e-escalabilidade\">Arquitetura e Escalabilidade<\/span><em class=\"wpr-grid-filters-sep\"><\/em><\/li><li class=\" wpr-pointer-none wpr-pointer-line-fx wpr-pointer-fx-none\"><span   data-ajax-filter=[\"category\",\"ferramentas-e-open-source\"]  data-filter=\".category-ferramentas-e-open-source\">Ferramentas e Open Source<\/span><em class=\"wpr-grid-filters-sep\"><\/em><\/li><li class=\" wpr-pointer-none wpr-pointer-line-fx wpr-pointer-fx-none\"><span   data-ajax-filter=[\"category\",\"fundamentos-da-nuvem\"]  data-filter=\".category-fundamentos-da-nuvem\">Fundamentos da Nuvem<\/span><em class=\"wpr-grid-filters-sep\"><\/em><\/li><li class=\" wpr-pointer-none wpr-pointer-line-fx wpr-pointer-fx-none\"><span   data-ajax-filter=[\"category\",\"noticias\"]  data-filter=\".category-noticias\">Not\u00edcias<\/span><em class=\"wpr-grid-filters-sep\"><\/em><\/li><li class=\" wpr-pointer-none wpr-pointer-line-fx wpr-pointer-fx-none\"><span   data-ajax-filter=[\"category\",\"seguranca-e-gestao-na-nuvem\"]  data-filter=\".category-seguranca-e-gestao-na-nuvem\">Seguran\u00e7a e Gest\u00e3o na Nuvem<\/span><em class=\"wpr-grid-filters-sep\"><\/em><\/li><\/ul><section class=\"wpr-grid elementor-clearfix\" data-settings=\"{&quot;layout&quot;:&quot;fitRows&quot;,&quot;stick_last_element_to_bottom&quot;:&quot;&quot;,&quot;columns_desktop&quot;:3,&quot;gutter_hr&quot;:15,&quot;gutter_hr_mobile&quot;:15,&quot;gutter_hr_mobile_extra&quot;:15,&quot;gutter_hr_tablet&quot;:15,&quot;gutter_hr_tablet_extra&quot;:15,&quot;gutter_hr_laptop&quot;:15,&quot;gutter_hr_widescreen&quot;:15,&quot;gutter_vr&quot;:15,&quot;gutter_vr_mobile&quot;:15,&quot;gutter_vr_mobile_extra&quot;:15,&quot;gutter_vr_tablet&quot;:15,&quot;gutter_vr_tablet_extra&quot;:15,&quot;gutter_vr_laptop&quot;:15,&quot;gutter_vr_widescreen&quot;:15,&quot;animation&quot;:&quot;default&quot;,&quot;animation_duration&quot;:0.3,&quot;animation_delay&quot;:0.1,&quot;deeplinking&quot;:&quot;&quot;,&quot;filters_linkable&quot;:&quot;no&quot;,&quot;filters_default_filter&quot;:&quot;&quot;,&quot;filters_count&quot;:&quot;&quot;,&quot;filters_hide_empty&quot;:&quot;no&quot;,&quot;filters_animation&quot;:&quot;default&quot;,&quot;filters_animation_duration&quot;:0.3,&quot;filters_animation_delay&quot;:0.1,&quot;pagination_type&quot;:&quot;load-more&quot;,&quot;pagination_max_pages&quot;:1,&quot;lightbox&quot;:{&quot;selector&quot;:&quot;.wpr-grid-image-wrap&quot;,&quot;iframeMaxWidth&quot;:&quot;60%&quot;,&quot;hash&quot;:false,&quot;autoplay&quot;:&quot;true&quot;,&quot;pause&quot;:5000,&quot;progressBar&quot;:&quot;true&quot;,&quot;counter&quot;:&quot;true&quot;,&quot;controls&quot;:&quot;true&quot;,&quot;getCaptionFromTitleOrAlt&quot;:&quot;true&quot;,&quot;thumbnail&quot;:&quot;&quot;,&quot;showThumbByDefault&quot;:&quot;&quot;,&quot;share&quot;:&quot;&quot;,&quot;zoom&quot;:&quot;true&quot;,&quot;fullScreen&quot;:&quot;true&quot;,&quot;download&quot;:&quot;true&quot;}}\" data-advanced-filters=\"no\"><article class=\"wpr-grid-item elementor-clearfix post-422 post type-post status-publish format-standard has-post-thumbnail hentry category-noticias tag-8 tag-cloud-governamental-angola tag-data-center-do-governo-de-angola tag-data-center-luanda tag-governo-de-angola-tecnologia tag-infraestrutura-tecnologica-angola tag-soberania-digital-angola tag-transformacao-digital-angola entry has-media\"><div class=\"wpr-grid-item-inner\"><div class=\"wpr-grid-media-wrap wpr-effect-size-medium \" data-overlay-link=\"yes\"><div class=\"wpr-grid-image-wrap\" data-src=\"https:\/\/luokaliyecloud.luokaliye.ao\/wp-content\/uploads\/2026\/05\/teste-blog1-2-1.png\" data-img-on-hover=\"\"  data-src-secondary=\"\"><img decoding=\"async\" data-no-lazy=\"1\" src=\"https:\/\/luokaliyecloud.luokaliye.ao\/wp-content\/uploads\/2026\/05\/teste-blog1-2-1.png\" alt=\"Angola inaugura novo Data Center do Governo: um marco estrat\u00e9gico na soberania digital do pa\u00eds\" class=\"wpr-anim-timing-ease-default\"><\/div><div class=\"wpr-grid-media-hover wpr-animation-wrap\"><div class=\"wpr-grid-media-hover-bg  wpr-overlay-fade-in wpr-anim-size-large wpr-anim-timing-ease-default wpr-anim-transparency\" data-url=\"https:\/\/luokaliyecloud.luokaliye.ao\/index.php\/2026\/05\/15\/angola-inaugura-novo-data-center-do-governo-um-marco-estrategico-na-soberania-digital-do-pais\/\"><\/div><\/div><\/div><div class=\"wpr-grid-item-below-content elementor-clearfix\"><h2 class=\"wpr-grid-item-title elementor-repeater-item-4c50242 wpr-grid-item-display-block wpr-grid-item-align-left wpr-pointer-none wpr-pointer-line-fx wpr-pointer-fx-fade\"><div class=\"inner-block\"><a target=\"_self\"  href=\"https:\/\/luokaliyecloud.luokaliye.ao\/index.php\/2026\/05\/15\/angola-inaugura-novo-data-center-do-governo-um-marco-estrategico-na-soberania-digital-do-pais\/\">Angola inaugura novo Data Center do Governo: um marco estrat\u00e9gico na soberania digital do pa\u00eds<\/a><\/div><\/h2><div class=\"wpr-grid-item-date elementor-repeater-item-f4ff34d wpr-grid-item-display-inline wpr-grid-item-align-left\"><div class=\"inner-block\"><span>15 de Maio, 2026<span class=\"wpr-grid-extra-text-right\">\/<\/span><\/span><\/div><\/div><div class=\"wpr-grid-item-comments elementor-repeater-item-53f1cdd wpr-grid-item-display-inline wpr-grid-item-align-left\"><div class=\"inner-block\"><a href=\"https:\/\/luokaliyecloud.luokaliye.ao\/index.php\/2026\/05\/15\/angola-inaugura-novo-data-center-do-governo-um-marco-estrategico-na-soberania-digital-do-pais\/#respond\"><span>No Comments<\/span><\/a><\/div><\/div><div class=\"wpr-grid-item-excerpt elementor-repeater-item-c1c938c wpr-grid-item-display-block wpr-grid-item-align-left\"><div class=\"inner-block\"><p>A transforma\u00e7\u00e3o digital em Angola deu um passo decisivo com a inaugura\u00e7\u00e3o do novo Data Center e Cloud do Governo...<\/p><\/div><\/div><div class=\"wpr-grid-item-read-more elementor-repeater-item-6b5685f wpr-grid-item-display-block wpr-grid-item-align-left\"><div class=\"inner-block\"><a target=\"_self\" href=\"https:\/\/luokaliyecloud.luokaliye.ao\/index.php\/2026\/05\/15\/angola-inaugura-novo-data-center-do-governo-um-marco-estrategico-na-soberania-digital-do-pais\/\" class=\"wpr-button-effect wpr-button-none\"><span>Read More<\/span><\/a><\/div><\/div><\/div><\/div><\/article><article class=\"wpr-grid-item elementor-clearfix post-357 post type-post status-publish format-standard has-post-thumbnail hentry category-arquitetura-e-escalabilidade entry has-media\"><div class=\"wpr-grid-item-inner\"><div class=\"wpr-grid-media-wrap wpr-effect-size-medium \" data-overlay-link=\"yes\"><div class=\"wpr-grid-image-wrap\" data-src=\"https:\/\/luokaliyecloud.luokaliye.ao\/wp-content\/uploads\/2025\/05\/escalabilidade.png\" data-img-on-hover=\"\"  data-src-secondary=\"\"><img decoding=\"async\" data-no-lazy=\"1\" src=\"https:\/\/luokaliyecloud.luokaliye.ao\/wp-content\/uploads\/2025\/05\/escalabilidade.png\" alt=\"Escalabilidade vertical vs. escalabilidade horizontal na nuvem\" class=\"wpr-anim-timing-ease-default\"><\/div><div class=\"wpr-grid-media-hover wpr-animation-wrap\"><div class=\"wpr-grid-media-hover-bg  wpr-overlay-fade-in wpr-anim-size-large wpr-anim-timing-ease-default wpr-anim-transparency\" data-url=\"https:\/\/luokaliyecloud.luokaliye.ao\/index.php\/2025\/05\/02\/escalabilidade-vertical-vs-escalabilidade-horizontal-na-nuvem\/\"><\/div><\/div><\/div><div class=\"wpr-grid-item-below-content elementor-clearfix\"><h2 class=\"wpr-grid-item-title elementor-repeater-item-4c50242 wpr-grid-item-display-block wpr-grid-item-align-left wpr-pointer-none wpr-pointer-line-fx wpr-pointer-fx-fade\"><div class=\"inner-block\"><a target=\"_self\"  href=\"https:\/\/luokaliyecloud.luokaliye.ao\/index.php\/2025\/05\/02\/escalabilidade-vertical-vs-escalabilidade-horizontal-na-nuvem\/\">Escalabilidade vertical vs. escalabilidade horizontal na nuvem<\/a><\/div><\/h2><div class=\"wpr-grid-item-date elementor-repeater-item-f4ff34d wpr-grid-item-display-inline wpr-grid-item-align-left\"><div class=\"inner-block\"><span>2 de Maio, 2025<span class=\"wpr-grid-extra-text-right\">\/<\/span><\/span><\/div><\/div><div class=\"wpr-grid-item-comments elementor-repeater-item-53f1cdd wpr-grid-item-display-inline wpr-grid-item-align-left\"><div class=\"inner-block\"><a href=\"https:\/\/luokaliyecloud.luokaliye.ao\/index.php\/2025\/05\/02\/escalabilidade-vertical-vs-escalabilidade-horizontal-na-nuvem\/#respond\"><span>No Comments<\/span><\/a><\/div><\/div><div class=\"wpr-grid-item-excerpt elementor-repeater-item-c1c938c wpr-grid-item-display-block wpr-grid-item-align-left\"><div class=\"inner-block\"><p>1. Introdu\u00e7\u00e3oA escalabilidade \u00e9 um dos pilares da computa\u00e7\u00e3o em nuvem: a capacidade de ajustar recursos conforme a demanda, garantindo...<\/p><\/div><\/div><div class=\"wpr-grid-item-read-more elementor-repeater-item-6b5685f wpr-grid-item-display-block wpr-grid-item-align-left\"><div class=\"inner-block\"><a target=\"_self\" href=\"https:\/\/luokaliyecloud.luokaliye.ao\/index.php\/2025\/05\/02\/escalabilidade-vertical-vs-escalabilidade-horizontal-na-nuvem\/\" class=\"wpr-button-effect wpr-button-none\"><span>Read More<\/span><\/a><\/div><\/div><\/div><\/div><\/article><article class=\"wpr-grid-item elementor-clearfix post-320 post type-post status-publish format-standard has-post-thumbnail hentry category-fundamentos-da-nuvem entry has-media\"><div class=\"wpr-grid-item-inner\"><div class=\"wpr-grid-media-wrap wpr-effect-size-medium \" data-overlay-link=\"yes\"><div class=\"wpr-grid-image-wrap\" data-src=\"https:\/\/luokaliyecloud.luokaliye.ao\/wp-content\/uploads\/2025\/05\/teste-blog1-2.png\" data-img-on-hover=\"\"  data-src-secondary=\"\"><img decoding=\"async\" data-no-lazy=\"1\" src=\"https:\/\/luokaliyecloud.luokaliye.ao\/wp-content\/uploads\/2025\/05\/teste-blog1-2.png\" alt=\"O que \u00e9 IaaS, PaaS e SaaS? Entenda as diferen\u00e7as\" class=\"wpr-anim-timing-ease-default\"><\/div><div class=\"wpr-grid-media-hover wpr-animation-wrap\"><div class=\"wpr-grid-media-hover-bg  wpr-overlay-fade-in wpr-anim-size-large wpr-anim-timing-ease-default wpr-anim-transparency\" data-url=\"https:\/\/luokaliyecloud.luokaliye.ao\/index.php\/2025\/05\/02\/o-que-e-iaas-paas-e-saas-entenda-as-diferencas\/\"><\/div><\/div><\/div><div class=\"wpr-grid-item-below-content elementor-clearfix\"><h2 class=\"wpr-grid-item-title elementor-repeater-item-4c50242 wpr-grid-item-display-block wpr-grid-item-align-left wpr-pointer-none wpr-pointer-line-fx wpr-pointer-fx-fade\"><div class=\"inner-block\"><a target=\"_self\"  href=\"https:\/\/luokaliyecloud.luokaliye.ao\/index.php\/2025\/05\/02\/o-que-e-iaas-paas-e-saas-entenda-as-diferencas\/\">O que \u00e9 IaaS, PaaS e SaaS? Entenda as diferen\u00e7as<\/a><\/div><\/h2><div class=\"wpr-grid-item-date elementor-repeater-item-f4ff34d wpr-grid-item-display-inline wpr-grid-item-align-left\"><div class=\"inner-block\"><span>2 de Maio, 2025<span class=\"wpr-grid-extra-text-right\">\/<\/span><\/span><\/div><\/div><div class=\"wpr-grid-item-comments elementor-repeater-item-53f1cdd wpr-grid-item-display-inline wpr-grid-item-align-left\"><div class=\"inner-block\"><a href=\"https:\/\/luokaliyecloud.luokaliye.ao\/index.php\/2025\/05\/02\/o-que-e-iaas-paas-e-saas-entenda-as-diferencas\/#respond\"><span>No Comments<\/span><\/a><\/div><\/div><div class=\"wpr-grid-item-excerpt elementor-repeater-item-c1c938c wpr-grid-item-display-block wpr-grid-item-align-left\"><div class=\"inner-block\"><p>1. Introdu\u00e7\u00e3oO crescimento da computa\u00e7\u00e3o em nuvem tem transformado a maneira como empresas e desenvolvedores gerenciam infraestrutura, plataformas e aplica\u00e7\u00f5es....<\/p><\/div><\/div><div class=\"wpr-grid-item-read-more elementor-repeater-item-6b5685f wpr-grid-item-display-block wpr-grid-item-align-left\"><div class=\"inner-block\"><a target=\"_self\" href=\"https:\/\/luokaliyecloud.luokaliye.ao\/index.php\/2025\/05\/02\/o-que-e-iaas-paas-e-saas-entenda-as-diferencas\/\" class=\"wpr-button-effect wpr-button-none\"><span>Read More<\/span><\/a><\/div><\/div><\/div><\/div><\/article><article class=\"wpr-grid-item elementor-clearfix post-1 post type-post status-publish format-standard has-post-thumbnail hentry category-seguranca-e-gestao-na-nuvem entry has-media\"><div class=\"wpr-grid-item-inner\"><div class=\"wpr-grid-media-wrap wpr-effect-size-medium \" data-overlay-link=\"yes\"><div class=\"wpr-grid-image-wrap\" data-src=\"https:\/\/luokaliyecloud.luokaliye.ao\/wp-content\/uploads\/2025\/05\/teste-blog.png\" data-img-on-hover=\"\"  data-src-secondary=\"\"><img decoding=\"async\" data-no-lazy=\"1\" src=\"https:\/\/luokaliyecloud.luokaliye.ao\/wp-content\/uploads\/2025\/05\/teste-blog.png\" alt=\"Open Source e nuvem: ferramentas gratuitas para seu ambienteOl\u00e1, mundo!\" class=\"wpr-anim-timing-ease-default\"><\/div><div class=\"wpr-grid-media-hover wpr-animation-wrap\"><div class=\"wpr-grid-media-hover-bg  wpr-overlay-fade-in wpr-anim-size-large wpr-anim-timing-ease-default wpr-anim-transparency\" data-url=\"https:\/\/luokaliyecloud.luokaliye.ao\/index.php\/2025\/02\/02\/ola-mundo\/\"><\/div><\/div><\/div><div class=\"wpr-grid-item-below-content elementor-clearfix\"><h2 class=\"wpr-grid-item-title elementor-repeater-item-4c50242 wpr-grid-item-display-block wpr-grid-item-align-left wpr-pointer-none wpr-pointer-line-fx wpr-pointer-fx-fade\"><div class=\"inner-block\"><a target=\"_self\"  href=\"https:\/\/luokaliyecloud.luokaliye.ao\/index.php\/2025\/02\/02\/ola-mundo\/\">Open Source e nuvem: ferramentas gratuitas para seu ambienteOl\u00e1, mundo!<\/a><\/div><\/h2><div class=\"wpr-grid-item-date elementor-repeater-item-f4ff34d wpr-grid-item-display-inline wpr-grid-item-align-left\"><div class=\"inner-block\"><span>2 de Fevereiro, 2025<span class=\"wpr-grid-extra-text-right\">\/<\/span><\/span><\/div><\/div><div class=\"wpr-grid-item-comments elementor-repeater-item-53f1cdd wpr-grid-item-display-inline wpr-grid-item-align-left\"><div class=\"inner-block\"><a href=\"https:\/\/luokaliyecloud.luokaliye.ao\/index.php\/2025\/02\/02\/ola-mundo\/#respond\"><span>No Comments<\/span><\/a><\/div><\/div><div class=\"wpr-grid-item-excerpt elementor-repeater-item-c1c938c wpr-grid-item-display-block wpr-grid-item-align-left\"><div class=\"inner-block\"><p>Pensei durante dois segundos Open Source e Nuvem: Ferramentas Gratuitas para Seu Ambiente 1. Introdu\u00e7\u00e3o A computa\u00e7\u00e3o em nuvem democratizou...<\/p><\/div><\/div><div class=\"wpr-grid-item-read-more elementor-repeater-item-6b5685f wpr-grid-item-display-block wpr-grid-item-align-left\"><div class=\"inner-block\"><a target=\"_self\" href=\"https:\/\/luokaliyecloud.luokaliye.ao\/index.php\/2025\/02\/02\/ola-mundo\/\" class=\"wpr-button-effect wpr-button-none\"><span>Read More<\/span><\/a><\/div><\/div><\/div><\/div><\/article><\/section>\t\t\t\t<\/div>\n\t\t\t\t<\/div>\n\t\t\t\t\t<\/div>\n\t\t\t\t<\/div>\n\t\t\t\t<\/div>\n\t\t","protected":false},"excerpt":{"rendered":"<p>BLOG Dicas, novidades e insights do mundo da tecnologia. Todos Sem categoria Escalabilidade vertical vs. escalabilidade horizontal na nuvem 2 de Maio, 2025\/No Comments 1. Introdu\u00e7\u00e3oA escalabilidade \u00e9 um dos pilares da computa\u00e7\u00e3o em nuvem: a capacidade de ajustar recursos conforme a demanda, garantindo&#8230; Read More O que \u00e9 IaaS, PaaS e SaaS? Entenda as diferen\u00e7as 2 de Maio, 2025\/No Comments 1. Introdu\u00e7\u00e3oO crescimento da computa\u00e7\u00e3o em nuvem tem transformado a maneira como empresas e desenvolvedores gerenciam infraestrutura, plataformas e aplica\u00e7\u00f5es&#8230;. Read More Open Source e nuvem: ferramentas gratuitas para seu ambienteOl\u00e1, mundo! 2 de Fevereiro, 2025\/1&nbsp;Comment Pensei durante dois segundos Open Source e Nuvem: Ferramentas Gratuitas para Seu Ambiente 1. Introdu\u00e7\u00e3o A computa\u00e7\u00e3o em nuvem democratizou&#8230; Read More<\/p>\n","protected":false},"author":1,"featured_media":0,"parent":0,"menu_order":0,"comment_status":"closed","ping_status":"closed","template":"","meta":{"ocean_post_layout":"","ocean_both_sidebars_style":"","ocean_both_sidebars_content_width":0,"ocean_both_sidebars_sidebars_width":0,"ocean_sidebar":"","ocean_second_sidebar":"","ocean_disable_margins":"enable","ocean_add_body_class":"","ocean_shortcode_before_top_bar":"","ocean_shortcode_after_top_bar":"","ocean_shortcode_before_header":"","ocean_shortcode_after_header":"","ocean_has_shortcode":"","ocean_shortcode_after_title":"","ocean_shortcode_before_footer_widgets":"","ocean_shortcode_after_footer_widgets":"","ocean_shortcode_before_footer_bottom":"","ocean_shortcode_after_footer_bottom":"","ocean_display_top_bar":"default","ocean_display_header":"default","ocean_header_style":"","ocean_center_header_left_menu":"","ocean_custom_header_template":"","ocean_custom_logo":0,"ocean_custom_retina_logo":0,"ocean_custom_logo_max_width":0,"ocean_custom_logo_tablet_max_width":0,"ocean_custom_logo_mobile_max_width":0,"ocean_custom_logo_max_height":0,"ocean_custom_logo_tablet_max_height":0,"ocean_custom_logo_mobile_max_height":0,"ocean_header_custom_menu":"","ocean_menu_typo_font_family":"","ocean_menu_typo_font_subset":"","ocean_menu_typo_font_size":0,"ocean_menu_typo_font_size_tablet":0,"ocean_menu_typo_font_size_mobile":0,"ocean_menu_typo_font_size_unit":"px","ocean_menu_typo_font_weight":"","ocean_menu_typo_font_weight_tablet":"","ocean_menu_typo_font_weight_mobile":"","ocean_menu_typo_transform":"","ocean_menu_typo_transform_tablet":"","ocean_menu_typo_transform_mobile":"","ocean_menu_typo_line_height":0,"ocean_menu_typo_line_height_tablet":0,"ocean_menu_typo_line_height_mobile":0,"ocean_menu_typo_line_height_unit":"","ocean_menu_typo_spacing":0,"ocean_menu_typo_spacing_tablet":0,"ocean_menu_typo_spacing_mobile":0,"ocean_menu_typo_spacing_unit":"","ocean_menu_link_color":"","ocean_menu_link_color_hover":"","ocean_menu_link_color_active":"","ocean_menu_link_background":"","ocean_menu_link_hover_background":"","ocean_menu_link_active_background":"","ocean_menu_social_links_bg":"","ocean_menu_social_hover_links_bg":"","ocean_menu_social_links_color":"","ocean_menu_social_hover_links_color":"","ocean_disable_title":"default","ocean_disable_heading":"default","ocean_post_title":"","ocean_post_subheading":"","ocean_post_title_style":"","ocean_post_title_background_color":"","ocean_post_title_background":0,"ocean_post_title_bg_image_position":"","ocean_post_title_bg_image_attachment":"","ocean_post_title_bg_image_repeat":"","ocean_post_title_bg_image_size":"","ocean_post_title_height":0,"ocean_post_title_bg_overlay":0.5,"ocean_post_title_bg_overlay_color":"","ocean_disable_breadcrumbs":"default","ocean_breadcrumbs_color":"","ocean_breadcrumbs_separator_color":"","ocean_breadcrumbs_links_color":"","ocean_breadcrumbs_links_hover_color":"","ocean_display_footer_widgets":"default","ocean_display_footer_bottom":"default","ocean_custom_footer_template":"","footnotes":""},"class_list":["post-42","page","type-page","status-publish","hentry","entry","has-media"],"_links":{"self":[{"href":"https:\/\/luokaliyecloud.luokaliye.ao\/index.php\/wp-json\/wp\/v2\/pages\/42","targetHints":{"allow":["GET"]}}],"collection":[{"href":"https:\/\/luokaliyecloud.luokaliye.ao\/index.php\/wp-json\/wp\/v2\/pages"}],"about":[{"href":"https:\/\/luokaliyecloud.luokaliye.ao\/index.php\/wp-json\/wp\/v2\/types\/page"}],"author":[{"embeddable":true,"href":"https:\/\/luokaliyecloud.luokaliye.ao\/index.php\/wp-json\/wp\/v2\/users\/1"}],"replies":[{"embeddable":true,"href":"https:\/\/luokaliyecloud.luokaliye.ao\/index.php\/wp-json\/wp\/v2\/comments?post=42"}],"version-history":[{"count":19,"href":"https:\/\/luokaliyecloud.luokaliye.ao\/index.php\/wp-json\/wp\/v2\/pages\/42\/revisions"}],"predecessor-version":[{"id":387,"href":"https:\/\/luokaliyecloud.luokaliye.ao\/index.php\/wp-json\/wp\/v2\/pages\/42\/revisions\/387"}],"wp:attachment":[{"href":"https:\/\/luokaliyecloud.luokaliye.ao\/index.php\/wp-json\/wp\/v2\/media?parent=42"}],"curies":[{"name":"wp","href":"https:\/\/api.w.org\/{rel}","templated":true}]}}